{"id":1573,"date":"2022-08-24T16:08:15","date_gmt":"2022-08-24T16:08:15","guid":{"rendered":"https:\/\/nocheinvestigadoresuex.es\/2023\/?page_id=1573"},"modified":"2023-06-16T12:09:04","modified_gmt":"2023-06-16T12:09:04","slug":"mision-agua-suelo-alimentos","status":"publish","type":"page","link":"https:\/\/nocheinvestigadoresuex.es\/2023\/mision-agua-suelo-alimentos\/","title":{"rendered":"Misi\u00f3n: Agua, suelo, alimentos"},"content":{"rendered":"\t\t<div data-elementor-type=\"wp-page\" data-elementor-id=\"1573\" class=\"elementor elementor-1573\" data-elementor-post-type=\"page\">\n\t\t\t\t\t\t<section class=\"elementor-section elementor-top-section elementor-element elementor-element-81697a0 elementor-section-boxed elementor-section-height-default elementor-section-height-default\" data-id=\"81697a0\" data-element_type=\"section\" data-e-type=\"section\">\n\t\t\t\t\t\t<div class=\"elementor-container elementor-column-gap-default\">\n\t\t\t\t\t<div class=\"elementor-column elementor-col-100 elementor-top-column elementor-element elementor-element-d4db96b\" data-id=\"d4db96b\" data-element_type=\"column\" data-e-type=\"column\">\n\t\t\t<div class=\"elementor-widget-wrap elementor-element-populated\">\n\t\t\t\t\t\t<div class=\"elementor-element elementor-element-5475840 elementor-widget elementor-widget-spacer\" data-id=\"5475840\" data-element_type=\"widget\" data-e-type=\"widget\" data-widget_type=\"spacer.default\">\n\t\t\t\t<div class=\"elementor-widget-container\">\n\t\t\t\t\t\t\t<div class=\"elementor-spacer\">\n\t\t\t<div class=\"elementor-spacer-inner\"><\/div>\n\t\t<\/div>\n\t\t\t\t\t\t<\/div>\n\t\t\t\t<\/div>\n\t\t\t\t<div class=\"elementor-element elementor-element-c6924e8 elementor-widget elementor-widget-heading\" data-id=\"c6924e8\" data-element_type=\"widget\" data-e-type=\"widget\" data-widget_type=\"heading.default\">\n\t\t\t\t<div class=\"elementor-widget-container\">\n\t\t\t\t\t<h1 class=\"elementor-heading-title elementor-size-default\">Misi\u00f3n: Agua, suelo, alimentos<\/h1>\t\t\t\t<\/div>\n\t\t\t\t<\/div>\n\t\t\t\t<div class=\"elementor-element elementor-element-61e0473 elementor-widget elementor-widget-text-editor\" data-id=\"61e0473\" data-element_type=\"widget\" data-e-type=\"widget\" data-widget_type=\"text-editor.default\">\n\t\t\t\t<div class=\"elementor-widget-container\">\n\t\t\t\t\t\t\t\t\t<p>En torno al D\u00eda de los Oc\u00e9anos el 8 de junio de 2023, tendr\u00e1 lugar el \u00faltimo pre evento del proyecto G9Missions para conocer los proyectos dedicados a restaurar nuestro oc\u00e9ano y nuestras aguas de aqu\u00ed a 2030 y tambi\u00e9n saber en qu\u00e9 consiste el pacto sobre el suelo para Europa con \u201claboratorios vivientes\u201d y\u00a0 \u201cfaros\u201d para liderar la transici\u00f3n hacia unos suelos sanos de aqu\u00ed a 2030.<\/p>\t\t\t\t\t\t\t\t<\/div>\n\t\t\t\t<\/div>\n\t\t\t\t<div class=\"elementor-element elementor-element-23f91de elementor-widget elementor-widget-text-editor\" data-id=\"23f91de\" data-element_type=\"widget\" data-e-type=\"widget\" data-widget_type=\"text-editor.default\">\n\t\t\t\t<div class=\"elementor-widget-container\">\n\t\t\t\t\t\t\t\t\t<h3><strong>La UEx publica un reportaje audiovisual sobre la conservaci\u00f3n del suelo y el agua frente al cambio global<\/strong><\/h3><p><em>El reportaje S.O.S. Emergencia Clim\u00e1tica plantea la importancia del cuidado del suelo y la correcta gesti\u00f3n del agua frente al cambio clim\u00e1tico o cambio global. Este video de corta duraci\u00f3n, producido por el Servicio de Difusi\u00f3n de Cultura Cient\u00edfica y el Gabinete de Imagen y Comunicaci\u00f3n de la UEx, cuenta con la colaboraci\u00f3n de investigadores de la UEx expertos en estos retos medioambientales<\/em><\/p><p>\u00bfQu\u00e9 importancia tiene el suelo? \u00bfQu\u00e9 caracteriza un suelo sano? \u00bfC\u00f3mo est\u00e1 influyendo el cambio clim\u00e1tico o cambio global en este recurso imprescindible? Son preguntas que es necesario abordar para que los ciudadanos apoyen y reclamen las medidas necesarias para conseguir los objetivos de sostenibilidad europeos. Para ello, se ha contado con la colaboraci\u00f3n de cuatro investigadores de la Universidad de Extremadura, expertos en diferentes disciplinas, que aportan su conocimiento en esta materia para ayudar a comprender los cambios que se est\u00e1n produciendo y el papel que la sociedad tiene en su evoluci\u00f3n.\u00a0<\/p><p>Por un lado, los investigadores del Instituto Universitario de Investigaci\u00f3n para el Desarrollo Territorial Sostenible (INTERRA)<strong> Juana Labrador<\/strong>, del grupo de An\u00e1lisis de Recursos Ambientales y profesora en la Escuela de Ingenier\u00edas Agrarias, y <strong>Manuel Pulido<\/strong>, del grupo Geoambiental y profesor en la Facultad de Filosof\u00eda y Letras, ambos participantes del proyecto europeo ECHO, cuyo fin es, precisamente, crear conciencia sobre el cuidado y la conservaci\u00f3n del suelo. Por otro lado, <strong>Francisco Moral<\/strong>, del Instituto Universitario de la Dehesa de la Universidad de Extremadura (INDEHESA) y profesor en la Escuela de Ingenier\u00edas industriales, que proporciona algunos datos sobre el impacto del cambio clim\u00e1tico en el suelo y la agricultura. Y, en cuanto a la problem\u00e1tica del agua, <strong>Vicente Montes, <\/strong>investigador del Instituto Universitario de Investigaci\u00f3n del Agua, Cambio Clim\u00e1tico y Sostenibilidad (IACYS) y profesor en la Facultad de Ciencias, se\u00f1ala las previsiones relativas a los recursos h\u00eddricos y algunas claves para su correcta gesti\u00f3n.<\/p><p>S.O.S Emergencia Clim\u00e1tica es un proyecto audiovisual con fines divulgativos que ha producido la UEx con motivo de las 2 celebraciones claves de esta semana: el 5 de junio, D\u00eda Mundial del Medio Ambiente y el 8 de junio, D\u00eda Mundial de los Oc\u00e9anos. Este v\u00eddeo es una iniciativa del Servicio de Difusi\u00f3n de la Cultura Cient\u00edfica que pretende concienciar a los ciudadanos sobre la importancia del cuidado del suelo como base de la agricultura, la ganader\u00eda y el equilibrio de los ecosistemas. Se trata de una actividad previa dentro del proyecto G9 Missions de Noche Europea de los Investigadores e Investigadoras financiado por el programa de Investigaci\u00f3n e Innovaci\u00f3n Horizonte Europa que aborda la Misi\u00f3n \u201cUn pacto por el suelo para Europa\u201d (<em>A Soil Deal for Europe<\/em>).\u00a0\u00a0<\/p><p>De acuerdo con la Comisi\u00f3n Europea, el suelo es la base del 95% de nuestra alimentaci\u00f3n, que entre el 60% y 70% de los suelos de la UE no se consideran saludables o que el 25% del suelo del centro, sur y este de Europa presenta un alto riesgo de desertificaci\u00f3n. Por esta raz\u00f3n, el cuidado y conservaci\u00f3n del suelo en un elemento esencial en la lucha contra el cambio clim\u00e1tico o cambio global.<\/p><p><strong>G9Missions<\/strong><\/p><p>Este proyecto audiovisual forma parte del programa que el consorcio de universidades del proyecto europeo G9Missions ha organizado con motivo del D\u00eda Mundial de los Oc\u00e9anos y el D\u00eda Mundial del Medio Ambiente con una veintena de actividades dedicadas a divulgar la investigaci\u00f3n y la ciencia relacionadas con el medio ambiente y los oc\u00e9anos.<\/p><p>Este programa de divulgaci\u00f3n cient\u00edfica es una actividad previa en el marco de las Misiones de Salud del Suelo, Agua y Oc\u00e9anos del proyecto G9Missions de la Noche Europea de los Investigadores e Investigadoras llevado a cabo por las universidades del G-9.<\/p><p>M\u00e1s informaci\u00f3n sobre el programa de las universidades se encuentra disponible aqu\u00ed: <a href=\"https:\/\/nocheinvestigag9.es\/el-consorcio-de-universidades-g9-missions-celebra-el-dia-mundial-de-los-oceanos\/\">https:\/\/nocheinvestigag9.es\/el-consorcio-de-universidades-g9-missions-celebra-el-dia-mundial-de-los-oceanos\/<\/a><\/p>\t\t\t\t\t\t\t\t<\/div>\n\t\t\t\t<\/div>\n\t\t\t\t<div class=\"elementor-element elementor-element-20b57bd elementor-widget elementor-widget-video\" data-id=\"20b57bd\" data-element_type=\"widget\" data-e-type=\"widget\" data-settings=\"{&quot;youtube_url&quot;:&quot;https:\\\/\\\/www.youtube.com\\\/watch?v=0c8RoZxmpTk&quot;,&quot;video_type&quot;:&quot;youtube&quot;,&quot;controls&quot;:&quot;yes&quot;}\" data-widget_type=\"video.default\">\n\t\t\t\t<div class=\"elementor-widget-container\">\n\t\t\t\t\t\t\t<div class=\"elementor-wrapper elementor-open-inline\">\n\t\t\t<div class=\"elementor-video\"><\/div>\t\t<\/div>\n\t\t\t\t\t\t<\/div>\n\t\t\t\t<\/div>\n\t\t\t\t<div class=\"elementor-element elementor-element-a13febf elementor-widget elementor-widget-heading\" data-id=\"a13febf\" data-element_type=\"widget\" data-e-type=\"widget\" data-widget_type=\"heading.default\">\n\t\t\t\t<div class=\"elementor-widget-container\">\n\t\t\t\t\t<h3 class=\"elementor-heading-title elementor-size-default\">COMPARTE EN TUS REDES SOCIALES CON EL HASHTAG #NIGHTSPAIN<\/h3>\t\t\t\t<\/div>\n\t\t\t\t<\/div>\n\t\t\t\t<div class=\"elementor-element elementor-element-4b6de51 elementor-share-buttons--view-icon elementor-share-buttons--shape-rounded elementor-share-buttons--skin-gradient elementor-grid-0 elementor-share-buttons--color-official elementor-widget elementor-widget-share-buttons\" data-id=\"4b6de51\" data-element_type=\"widget\" data-e-type=\"widget\" data-widget_type=\"share-buttons.default\">\n\t\t\t\t<div class=\"elementor-widget-container\">\n\t\t\t\t\t\t\t<div class=\"elementor-grid\" role=\"list\">\n\t\t\t\t\t\t\t\t<div class=\"elementor-grid-item\" role=\"listitem\">\n\t\t\t\t\t\t<div class=\"elementor-share-btn elementor-share-btn_facebook\" role=\"button\" tabindex=\"0\" aria-label=\"Compartir en facebook\">\n\t\t\t\t\t\t\t\t\t\t\t\t\t\t\t<span class=\"elementor-share-btn__icon\">\n\t\t\t\t\t\t\t\t<i class=\"fab fa-facebook\" aria-hidden=\"true\"><\/i>\t\t\t\t\t\t\t<\/span>\n\t\t\t\t\t\t\t\t\t\t\t\t\t\t\t\t\t\t\t\t<\/div>\n\t\t\t\t\t<\/div>\n\t\t\t\t\t\t\t\t\t<div class=\"elementor-grid-item\" role=\"listitem\">\n\t\t\t\t\t\t<div class=\"elementor-share-btn elementor-share-btn_twitter\" role=\"button\" tabindex=\"0\" aria-label=\"Compartir en twitter\">\n\t\t\t\t\t\t\t\t\t\t\t\t\t\t\t<span class=\"elementor-share-btn__icon\">\n\t\t\t\t\t\t\t\t<i class=\"fab fa-twitter\" aria-hidden=\"true\"><\/i>\t\t\t\t\t\t\t<\/span>\n\t\t\t\t\t\t\t\t\t\t\t\t\t\t\t\t\t\t\t\t<\/div>\n\t\t\t\t\t<\/div>\n\t\t\t\t\t\t\t\t\t<div class=\"elementor-grid-item\" role=\"listitem\">\n\t\t\t\t\t\t<div class=\"elementor-share-btn elementor-share-btn_linkedin\" role=\"button\" tabindex=\"0\" aria-label=\"Compartir en linkedin\">\n\t\t\t\t\t\t\t\t\t\t\t\t\t\t\t<span class=\"elementor-share-btn__icon\">\n\t\t\t\t\t\t\t\t<i class=\"fab fa-linkedin\" aria-hidden=\"true\"><\/i>\t\t\t\t\t\t\t<\/span>\n\t\t\t\t\t\t\t\t\t\t\t\t\t\t\t\t\t\t\t\t<\/div>\n\t\t\t\t\t<\/div>\n\t\t\t\t\t\t\t\t\t<div class=\"elementor-grid-item\" role=\"listitem\">\n\t\t\t\t\t\t<div class=\"elementor-share-btn elementor-share-btn_whatsapp\" role=\"button\" tabindex=\"0\" aria-label=\"Compartir en whatsapp\">\n\t\t\t\t\t\t\t\t\t\t\t\t\t\t\t<span class=\"elementor-share-btn__icon\">\n\t\t\t\t\t\t\t\t<i class=\"fab fa-whatsapp\" aria-hidden=\"true\"><\/i>\t\t\t\t\t\t\t<\/span>\n\t\t\t\t\t\t\t\t\t\t\t\t\t\t\t\t\t\t\t\t<\/div>\n\t\t\t\t\t<\/div>\n\t\t\t\t\t\t\t\t\t<div class=\"elementor-grid-item\" role=\"listitem\">\n\t\t\t\t\t\t<div class=\"elementor-share-btn elementor-share-btn_email\" role=\"button\" tabindex=\"0\" aria-label=\"Compartir en email\">\n\t\t\t\t\t\t\t\t\t\t\t\t\t\t\t<span class=\"elementor-share-btn__icon\">\n\t\t\t\t\t\t\t\t<i class=\"fas fa-envelope\" aria-hidden=\"true\"><\/i>\t\t\t\t\t\t\t<\/span>\n\t\t\t\t\t\t\t\t\t\t\t\t\t\t\t\t\t\t\t\t<\/div>\n\t\t\t\t\t<\/div>\n\t\t\t\t\t\t<\/div>\n\t\t\t\t\t\t<\/div>\n\t\t\t\t<\/div>\n\t\t\t\t\t<\/div>\n\t\t<\/div>\n\t\t\t\t\t<\/div>\n\t\t<\/section>\n\t\t\t\t<\/div>\n\t\t","protected":false},"excerpt":{"rendered":"<p>En torno al D\u00eda de los Oc\u00e9anos el 8 de junio de 2023, tendr\u00e1 lugar el \u00faltimo pre evento del proyecto G9Missions para conocer los proyectos dedicados a restaurar nuestro oc\u00e9ano y nuestras aguas de aqu\u00ed a 2030 y tambi\u00e9n saber en qu\u00e9 consiste el pacto sobre el suelo para Europa con \u201claboratorios vivientes\u201d y\u00a0 [&hellip;]<\/p>\n","protected":false},"author":1,"featured_media":0,"parent":0,"menu_order":0,"comment_status":"closed","ping_status":"closed","template":"","meta":{"site-sidebar-layout":"no-sidebar","site-content-layout":"page-builder","ast-site-content-layout":"default","site-content-style":"default","site-sidebar-style":"default","ast-global-header-display":"","ast-banner-title-visibility":"","ast-main-header-display":"","ast-hfb-above-header-display":"","ast-hfb-below-header-display":"","ast-hfb-mobile-header-display":"","site-post-title":"disabled","ast-breadcrumbs-content":"","ast-featured-img":"disabled","footer-sml-layout":"","ast-disable-related-posts":"","theme-transparent-header-meta":"","adv-header-id-meta":"","stick-header-meta":"","header-above-stick-meta":"","header-main-stick-meta":"","header-below-stick-meta":"","astra-migrate-meta-layouts":"default","ast-page-background-enabled":"default","ast-page-background-meta":{"desktop":{"background-color":"var(--ast-global-color-4)","background-image":"","background-repeat":"repeat","background-position":"center center","background-size":"auto","background-attachment":"scroll","background-type":"","background-media":"","overlay-type":"","overlay-color":"","overlay-opacity":"","overlay-gradient":""},"tablet":{"background-color":"","background-image":"","background-repeat":"repeat","background-position":"center center","background-size":"auto","background-attachment":"scroll","background-type":"","background-media":"","overlay-type":"","overlay-color":"","overlay-opacity":"","overlay-gradient":""},"mobile":{"background-color":"","background-image":"","background-repeat":"repeat","background-position":"center center","background-size":"auto","background-attachment":"scroll","background-type":"","background-media":"","overlay-type":"","overlay-color":"","overlay-opacity":"","overlay-gradient":""}},"ast-content-background-meta":{"desktop":{"background-color":"var(--ast-global-color-5)","background-image":"","background-repeat":"repeat","background-position":"center center","background-size":"auto","background-attachment":"scroll","background-type":"","background-media":"","overlay-type":"","overlay-color":"","overlay-opacity":"","overlay-gradient":""},"tablet":{"background-color":"var(--ast-global-color-5)","background-image":"","background-repeat":"repeat","background-position":"center center","background-size":"auto","background-attachment":"scroll","background-type":"","background-media":"","overlay-type":"","overlay-color":"","overlay-opacity":"","overlay-gradient":""},"mobile":{"background-color":"var(--ast-global-color-5)","background-image":"","background-repeat":"repeat","background-position":"center center","background-size":"auto","background-attachment":"scroll","background-type":"","background-media":"","overlay-type":"","overlay-color":"","overlay-opacity":"","overlay-gradient":""}},"footnotes":""},"class_list":["post-1573","page","type-page","status-publish","hentry"],"yoast_head":"<!-- This site is optimized with the Yoast SEO plugin v27.3 - https:\/\/yoast.com\/product\/yoast-seo-wordpress\/ -->\n<title>Misi\u00f3n: Agua, suelo, alimentos - La Noche Europea De Los Investigadores Y Las Investigadoras 2022<\/title>\n<meta name=\"robots\" content=\"index, follow, max-snippet:-1, max-image-preview:large, max-video-preview:-1\" \/>\n<link rel=\"canonical\" href=\"https:\/\/nocheinvestigadoresuex.es\/2023\/mision-agua-suelo-alimentos\/\" \/>\n<meta property=\"og:locale\" content=\"es_ES\" \/>\n<meta property=\"og:type\" content=\"article\" \/>\n<meta property=\"og:title\" content=\"Misi\u00f3n: Agua, suelo, alimentos - La Noche Europea De Los Investigadores Y Las Investigadoras 2022\" \/>\n<meta property=\"og:description\" content=\"En torno al D\u00eda de los Oc\u00e9anos el 8 de junio de 2023, tendr\u00e1 lugar el \u00faltimo pre evento del proyecto G9Missions para conocer los proyectos dedicados a restaurar nuestro oc\u00e9ano y nuestras aguas de aqu\u00ed a 2030 y tambi\u00e9n saber en qu\u00e9 consiste el pacto sobre el suelo para Europa con \u201claboratorios vivientes\u201d y\u00a0 [&hellip;]\" \/>\n<meta property=\"og:url\" content=\"https:\/\/nocheinvestigadoresuex.es\/2023\/mision-agua-suelo-alimentos\/\" \/>\n<meta property=\"og:site_name\" content=\"La Noche Europea De Los Investigadores Y Las Investigadoras 2022\" \/>\n<meta property=\"article:modified_time\" content=\"2023-06-16T12:09:04+00:00\" \/>\n<meta name=\"twitter:card\" content=\"summary_large_image\" \/>\n<meta name=\"twitter:label1\" content=\"Tiempo de lectura\" \/>\n\t<meta name=\"twitter:data1\" content=\"4 minutos\" \/>\n<script type=\"application\/ld+json\" class=\"yoast-schema-graph\">{\"@context\":\"https:\\\/\\\/schema.org\",\"@graph\":[{\"@type\":\"WebPage\",\"@id\":\"https:\\\/\\\/nocheinvestigadoresuex.es\\\/2023\\\/mision-agua-suelo-alimentos\\\/\",\"url\":\"https:\\\/\\\/nocheinvestigadoresuex.es\\\/2023\\\/mision-agua-suelo-alimentos\\\/\",\"name\":\"Misi\u00f3n: Agua, suelo, alimentos - La Noche Europea De Los Investigadores Y Las Investigadoras 2022\",\"isPartOf\":{\"@id\":\"https:\\\/\\\/nocheinvestigadoresuex.es\\\/2023\\\/#website\"},\"datePublished\":\"2022-08-24T16:08:15+00:00\",\"dateModified\":\"2023-06-16T12:09:04+00:00\",\"breadcrumb\":{\"@id\":\"https:\\\/\\\/nocheinvestigadoresuex.es\\\/2023\\\/mision-agua-suelo-alimentos\\\/#breadcrumb\"},\"inLanguage\":\"es\",\"potentialAction\":[{\"@type\":\"ReadAction\",\"target\":[\"https:\\\/\\\/nocheinvestigadoresuex.es\\\/2023\\\/mision-agua-suelo-alimentos\\\/\"]}]},{\"@type\":\"BreadcrumbList\",\"@id\":\"https:\\\/\\\/nocheinvestigadoresuex.es\\\/2023\\\/mision-agua-suelo-alimentos\\\/#breadcrumb\",\"itemListElement\":[{\"@type\":\"ListItem\",\"position\":1,\"name\":\"Portada\",\"item\":\"https:\\\/\\\/nocheinvestigadoresuex.es\\\/2023\\\/\"},{\"@type\":\"ListItem\",\"position\":2,\"name\":\"Misi\u00f3n: Agua, suelo, alimentos\"}]},{\"@type\":\"WebSite\",\"@id\":\"https:\\\/\\\/nocheinvestigadoresuex.es\\\/2023\\\/#website\",\"url\":\"https:\\\/\\\/nocheinvestigadoresuex.es\\\/2023\\\/\",\"name\":\"La Noche Europea De Los Investigadores Y Las Investigadoras 2022\",\"description\":\"Noche Europea de los Investigadores e Investigadoras. Descubre la programaci\u00f3n\",\"publisher\":{\"@id\":\"https:\\\/\\\/nocheinvestigadoresuex.es\\\/2023\\\/#organization\"},\"potentialAction\":[{\"@type\":\"SearchAction\",\"target\":{\"@type\":\"EntryPoint\",\"urlTemplate\":\"https:\\\/\\\/nocheinvestigadoresuex.es\\\/2023\\\/?s={search_term_string}\"},\"query-input\":{\"@type\":\"PropertyValueSpecification\",\"valueRequired\":true,\"valueName\":\"search_term_string\"}}],\"inLanguage\":\"es\"},{\"@type\":\"Organization\",\"@id\":\"https:\\\/\\\/nocheinvestigadoresuex.es\\\/2023\\\/#organization\",\"name\":\"La Noche Europea De Los Investigadores Y Las Investigadoras 2022\",\"url\":\"https:\\\/\\\/nocheinvestigadoresuex.es\\\/2023\\\/\",\"logo\":{\"@type\":\"ImageObject\",\"inLanguage\":\"es\",\"@id\":\"https:\\\/\\\/nocheinvestigadoresuex.es\\\/2023\\\/#\\\/schema\\\/logo\\\/image\\\/\",\"url\":\"https:\\\/\\\/nocheinvestigadoresuex.es\\\/2023\\\/wp-content\\\/uploads\\\/2023\\\/09\\\/Logo-grupo.png\",\"contentUrl\":\"https:\\\/\\\/nocheinvestigadoresuex.es\\\/2023\\\/wp-content\\\/uploads\\\/2023\\\/09\\\/Logo-grupo.png\",\"width\":1119,\"height\":270,\"caption\":\"La Noche Europea De Los Investigadores Y Las Investigadoras 2022\"},\"image\":{\"@id\":\"https:\\\/\\\/nocheinvestigadoresuex.es\\\/2023\\\/#\\\/schema\\\/logo\\\/image\\\/\"}}]}<\/script>\n<!-- \/ Yoast SEO plugin. -->","yoast_head_json":{"title":"Misi\u00f3n: Agua, suelo, alimentos - La Noche Europea De Los Investigadores Y Las Investigadoras 2022","robots":{"index":"index","follow":"follow","max-snippet":"max-snippet:-1","max-image-preview":"max-image-preview:large","max-video-preview":"max-video-preview:-1"},"canonical":"https:\/\/nocheinvestigadoresuex.es\/2023\/mision-agua-suelo-alimentos\/","og_locale":"es_ES","og_type":"article","og_title":"Misi\u00f3n: Agua, suelo, alimentos - La Noche Europea De Los Investigadores Y Las Investigadoras 2022","og_description":"En torno al D\u00eda de los Oc\u00e9anos el 8 de junio de 2023, tendr\u00e1 lugar el \u00faltimo pre evento del proyecto G9Missions para conocer los proyectos dedicados a restaurar nuestro oc\u00e9ano y nuestras aguas de aqu\u00ed a 2030 y tambi\u00e9n saber en qu\u00e9 consiste el pacto sobre el suelo para Europa con \u201claboratorios vivientes\u201d y\u00a0 [&hellip;]","og_url":"https:\/\/nocheinvestigadoresuex.es\/2023\/mision-agua-suelo-alimentos\/","og_site_name":"La Noche Europea De Los Investigadores Y Las Investigadoras 2022","article_modified_time":"2023-06-16T12:09:04+00:00","twitter_card":"summary_large_image","twitter_misc":{"Tiempo de lectura":"4 minutos"},"schema":{"@context":"https:\/\/schema.org","@graph":[{"@type":"WebPage","@id":"https:\/\/nocheinvestigadoresuex.es\/2023\/mision-agua-suelo-alimentos\/","url":"https:\/\/nocheinvestigadoresuex.es\/2023\/mision-agua-suelo-alimentos\/","name":"Misi\u00f3n: Agua, suelo, alimentos - La Noche Europea De Los Investigadores Y Las Investigadoras 2022","isPartOf":{"@id":"https:\/\/nocheinvestigadoresuex.es\/2023\/#website"},"datePublished":"2022-08-24T16:08:15+00:00","dateModified":"2023-06-16T12:09:04+00:00","breadcrumb":{"@id":"https:\/\/nocheinvestigadoresuex.es\/2023\/mision-agua-suelo-alimentos\/#breadcrumb"},"inLanguage":"es","potentialAction":[{"@type":"ReadAction","target":["https:\/\/nocheinvestigadoresuex.es\/2023\/mision-agua-suelo-alimentos\/"]}]},{"@type":"BreadcrumbList","@id":"https:\/\/nocheinvestigadoresuex.es\/2023\/mision-agua-suelo-alimentos\/#breadcrumb","itemListElement":[{"@type":"ListItem","position":1,"name":"Portada","item":"https:\/\/nocheinvestigadoresuex.es\/2023\/"},{"@type":"ListItem","position":2,"name":"Misi\u00f3n: Agua, suelo, alimentos"}]},{"@type":"WebSite","@id":"https:\/\/nocheinvestigadoresuex.es\/2023\/#website","url":"https:\/\/nocheinvestigadoresuex.es\/2023\/","name":"La Noche Europea De Los Investigadores Y Las Investigadoras 2022","description":"Noche Europea de los Investigadores e Investigadoras. Descubre la programaci\u00f3n","publisher":{"@id":"https:\/\/nocheinvestigadoresuex.es\/2023\/#organization"},"potentialAction":[{"@type":"SearchAction","target":{"@type":"EntryPoint","urlTemplate":"https:\/\/nocheinvestigadoresuex.es\/2023\/?s={search_term_string}"},"query-input":{"@type":"PropertyValueSpecification","valueRequired":true,"valueName":"search_term_string"}}],"inLanguage":"es"},{"@type":"Organization","@id":"https:\/\/nocheinvestigadoresuex.es\/2023\/#organization","name":"La Noche Europea De Los Investigadores Y Las Investigadoras 2022","url":"https:\/\/nocheinvestigadoresuex.es\/2023\/","logo":{"@type":"ImageObject","inLanguage":"es","@id":"https:\/\/nocheinvestigadoresuex.es\/2023\/#\/schema\/logo\/image\/","url":"https:\/\/nocheinvestigadoresuex.es\/2023\/wp-content\/uploads\/2023\/09\/Logo-grupo.png","contentUrl":"https:\/\/nocheinvestigadoresuex.es\/2023\/wp-content\/uploads\/2023\/09\/Logo-grupo.png","width":1119,"height":270,"caption":"La Noche Europea De Los Investigadores Y Las Investigadoras 2022"},"image":{"@id":"https:\/\/nocheinvestigadoresuex.es\/2023\/#\/schema\/logo\/image\/"}}]}},"_links":{"self":[{"href":"https:\/\/nocheinvestigadoresuex.es\/2023\/wp-json\/wp\/v2\/pages\/1573","targetHints":{"allow":["GET"]}}],"collection":[{"href":"https:\/\/nocheinvestigadoresuex.es\/2023\/wp-json\/wp\/v2\/pages"}],"about":[{"href":"https:\/\/nocheinvestigadoresuex.es\/2023\/wp-json\/wp\/v2\/types\/page"}],"author":[{"embeddable":true,"href":"https:\/\/nocheinvestigadoresuex.es\/2023\/wp-json\/wp\/v2\/users\/1"}],"replies":[{"embeddable":true,"href":"https:\/\/nocheinvestigadoresuex.es\/2023\/wp-json\/wp\/v2\/comments?post=1573"}],"version-history":[{"count":0,"href":"https:\/\/nocheinvestigadoresuex.es\/2023\/wp-json\/wp\/v2\/pages\/1573\/revisions"}],"wp:attachment":[{"href":"https:\/\/nocheinvestigadoresuex.es\/2023\/wp-json\/wp\/v2\/media?parent=1573"}],"curies":[{"name":"wp","href":"https:\/\/api.w.org\/{rel}","templated":true}]}}